{"id":2,"date":"2023-03-22T05:13:25","date_gmt":"2023-03-22T04:13:25","guid":{"rendered":"http:\/\/www.fcte.nc\/?page_id=2"},"modified":"2025-08-02T12:46:43","modified_gmt":"2025-08-02T01:46:43","slug":"page-d-exemple","status":"publish","type":"page","link":"https:\/\/www.fcte.nc\/","title":{"rendered":""},"content":{"rendered":"\n<p class=\"has-white-background-color has-background\">La FCTE (France Cal\u00e9donie Tropic Export) est un exportateur de cucurbitac\u00e9es \u00e0 peau non comestible (squash, butternut).<br>Cr\u00e9\u00e9e en 1994, la FCTE c\u2019est 30 ans d\u2019exp\u00e9rience dans l\u2019export, vers le Japon, la Cor\u00e9e et la Nouvelle-Z\u00e9lande.<\/p>\n\n\n\n<p class=\"has-white-background-color has-background\">La FCTE propose aussi des squashs sur le march\u00e9 local cal\u00e9donien. La valorisation de sa fili\u00e8re et de son produit phare, la conduite \u00e0 un partenariat avec une entreprise de transformation local afin de permettre aux cal\u00e9doniens d\u2019avoir du squash toute l\u2019ann\u00e9e. Ce produit transform\u00e9 se retrouvera donc sur les \u00e9tals cal\u00e9doniennes sous forme de barquette surgel\u00e9e de 1 kg coup\u00e9 en d\u00e9s.<\/p>\n\n\n\n<p class=\"has-white-background-color has-background\">La FCTE pour l\u2019ann\u00e9e 2025, c\u2019est 20 producteurs de Pouembout \u00e0 Boulouparis, plus de 180 hectares de plantations, 4 emplois \u00e0 temps plein et environ 100 emplois saisonniers sur la saison de production.<br>La FCTE pr\u00e9voit d\u2019exporter pour cette ann\u00e9e environ 2500 Tonnes de Squash, soit environ 100 conteneurs.<\/p>\n\n\n\n<p><\/p>\n","protected":false},"excerpt":{"rendered":"<p>La FCTE (France Cal\u00e9donie Tropic Export) est un exportateur de cucurbitac\u00e9es \u00e0 peau non comestible (squash, butternut).Cr\u00e9\u00e9e en 1994, la FCTE c\u2019est 30 ans d\u2019exp\u00e9rience dans l\u2019export, vers le Japon, la Cor\u00e9e et la Nouvelle-Z\u00e9lande. La FCTE propose aussi des squashs sur le march\u00e9 local cal\u00e9donien. La valorisation de sa fili\u00e8re et de son produit [&hellip;]<\/p>\n","protected":false},"author":1,"featured_media":0,"parent":0,"menu_order":0,"comment_status":"closed","ping_status":"open","template":"","meta":{"footnotes":""},"class_list":["post-2","page","type-page","status-publish","hentry"],"_links":{"self":[{"href":"https:\/\/www.fcte.nc\/index.php\/wp-json\/wp\/v2\/pages\/2","targetHints":{"allow":["GET"]}}],"collection":[{"href":"https:\/\/www.fcte.nc\/index.php\/wp-json\/wp\/v2\/pages"}],"about":[{"href":"https:\/\/www.fcte.nc\/index.php\/wp-json\/wp\/v2\/types\/page"}],"author":[{"embeddable":true,"href":"https:\/\/www.fcte.nc\/index.php\/wp-json\/wp\/v2\/users\/1"}],"replies":[{"embeddable":true,"href":"https:\/\/www.fcte.nc\/index.php\/wp-json\/wp\/v2\/comments?post=2"}],"version-history":[{"count":18,"href":"https:\/\/www.fcte.nc\/index.php\/wp-json\/wp\/v2\/pages\/2\/revisions"}],"predecessor-version":[{"id":270,"href":"https:\/\/www.fcte.nc\/index.php\/wp-json\/wp\/v2\/pages\/2\/revisions\/270"}],"wp:attachment":[{"href":"https:\/\/www.fcte.nc\/index.php\/wp-json\/wp\/v2\/media?parent=2"}],"curies":[{"name":"wp","href":"https:\/\/api.w.org\/{rel}","templated":true}]}}